{"id":23,"date":"2025-04-11T22:41:27","date_gmt":"2025-04-11T20:41:27","guid":{"rendered":"https:\/\/lokalhistoriskearkiv.dk\/?page_id=23"},"modified":"2025-04-11T22:43:30","modified_gmt":"2025-04-11T20:43:30","slug":"vedtaegter","status":"publish","type":"page","link":"https:\/\/lokalhistoriskearkiv.dk\/?page_id=23","title":{"rendered":"Vedt\u00e6gter"},"content":{"rendered":"\n<h2 class=\"wp-block-heading\">Vedt\u00e6gter for Videb\u00e6kegnens Lokalhistorisk Forening<\/h2>\n\n\n\n<p>\u00a7 l.<\/p>\n\n\n\n<p>Foreningens navn er &#8220;Videb\u00e6kegnens Lokalhistoriske Forening&#8221;. Foreningen har hjemsted i Ringk\u00f8bing-Skjern Kommune.<\/p>\n\n\n\n<p>Arbejdsomr\u00e5de i Videb\u00e6k, Vorgod, N\u00f8rre Vium, Fjelstervang og Herborg sogne.<\/p>\n\n\n\n<p>\u00a7 2.<\/p>\n\n\n\n<p>Foreningens form\u00e5l er at indsamle og registrere og opbevare lokalhistorisk materiale af enhver art, og bl.a. gennem oplysningsarbejde og udstillinger, at stille materialet til r\u00e5dighed for offentligheden efter g\u00e6ldende regler for tilg\u00e6ngelighed. Endvidere skal foreningen s\u00f8ge at skabe interesse om foreningens virke og med henblik p\u00e5 gensidig bistand i det lokalhistoriske arbejde, s\u00f8ge at etablere et samarbejde med andre lokalhistoriske foreninger, b\u00e5de i og uden for kommunen.<\/p>\n\n\n\n<p>\u00a7 3.<\/p>\n\n\n\n<p>Som medlemmer af foreningen kan optages enkeltpersoner, selskaber, institutioner og foreninger.<\/p>\n\n\n\n<p>Udtr\u00e6den af foreningen sker efter meddelelse til formanden, og med virkning fra udl\u00f8bet af et regnskabs\u00e5r.<\/p>\n\n\n\n<p>\u00a7 4.<\/p>\n\n\n\n<p>Medlemskontingent fasts\u00e6ttes af bestyrelsen.<\/p>\n\n\n\n<p>\u00c5rskontingentet opkr\u00e6ves i f\u00f8rste halvdel af kalender\u00e5ret.<\/p>\n\n\n\n<p>Intet medlem h\u00e6fter for foreningens forpligtelser, og intet medlem kan g\u00f8re krav p\u00e5 foreningens formue eller materialesamlinger.<\/p>\n\n\n\n<p>\u00a7 5.<\/p>\n\n\n\n<p>Generalforsamlingen er foreningens h\u00f8jeste myndighed. Generalforsamlinger skal afholdes<\/p>\n\n\n\n<p>i Ringk\u00f8bing-Skjern Kommune.<\/p>\n\n\n\n<p>Hvert medlem har een stemme.<\/p>\n\n\n\n<p>Ordin\u00e6r generalforsamling afholdes hvert \u00e5r i marts m\u00e5ned.<\/p>\n\n\n\n<p>Dagsordenen for den ordin\u00e6re generalforsamling skal indeholde f\u00f8lgende punkter:<\/p>\n\n\n\n<div class=\"wp-block-group has-global-padding is-layout-constrained wp-block-group-is-layout-constrained\">\n<ul class=\"wp-block-list\">\n<li>Valg af dirigent.<\/li>\n<\/ul>\n\n\n\n<ul class=\"wp-block-list\">\n<li>Bestyrelsens beretning om det forl\u00f8bne \u00e5r.<\/li>\n<\/ul>\n\n\n\n<ul class=\"wp-block-list\">\n<li>Freml\u00e6ggelse af \u00e5rsregnskabet til godkendelse.<\/li>\n<\/ul>\n\n\n\n<ul class=\"wp-block-list\">\n<li>Valg af medlemmer til bestyrelsen samt 1 suppleant.<\/li>\n<\/ul>\n\n\n\n<ul class=\"wp-block-list\">\n<li>Valg af 2 revisorer.<\/li>\n<\/ul>\n\n\n\n<ul class=\"wp-block-list\">\n<li>Forslag fra bestyrelsen og medlemmerne.<\/li>\n<\/ul>\n\n\n\n<ul class=\"wp-block-list\">\n<li>Eventuelt.<\/li>\n<\/ul>\n<\/div>\n\n\n\n<p>Forslag fra medlemmer skal v\u00e6re bestyrelsen i h\u00e6nde senest 8 dage f\u00f8r generalforsamlingen.<\/p>\n\n\n\n<p>Dirigenten leder generalforsamlingen og afg\u00f8r alle sp\u00f8rgsm\u00e5l vedr\u00f8rende sagernes behandlingsm\u00e5de, stemmeafgivningen og dens resultat.<\/p>\n\n\n\n<p>P\u00e5 generalforsamlingen kan stemmes if\u00f8lge skriftlig fuldmagt, men ingen kan if\u00f8lge fuldmagt<\/p>\n\n\n\n<p>repr\u00e6sentere mere end i alt 2 stemmer.<\/p>\n\n\n\n<p>Beslutninger tr\u00e6ffes ved simpelt stemmeflertal.<\/p>\n\n\n\n<p>Til vedtagelse af forslag om \u00e6ndring af vedt\u00e6gterne eller til vedtagelse af forslag om opl\u00f8sning af foreningen kr\u00e6ves dog, at mindst to trediedele af de m\u00f8dte stemmer herfor.<\/p>\n\n\n\n<p>Forslag om \u00e6ndring af vedt\u00e6gterne og forslag om opl\u00f8sning af foreningen kan kun behandles p\u00e5 den ordin\u00e6re generalforsamling.<\/p>\n\n\n\n<p>\u00a7 6.<\/p>\n\n\n\n<p>Ekstraordin\u00e6r generalforsamling afholdes, n\u00e5r bestyrelsen tr\u00e6ffer beslutning herom, eller n\u00e5r 25% af medlemmerne frems\u00e6tter skriftlig beg\u00e6ring herom.<\/p>\n\n\n\n<p>\u00a7 7.<\/p>\n\n\n\n<p>Generalforsamlinger indkaldes med 14 dages varsel, enten ved bekendtg\u00f8relse i et lokalt dagblad eller i Videb\u00e6k-Spjald Avis eller gennem udsendelse af skriftlig indkaldelse til hvert medlem.<\/p>\n\n\n\n<p>\u00a7 8.<\/p>\n\n\n\n<p>Foreningen ledes af en bestyrelse p\u00e5 7 medlemmer.<\/p>\n\n\n\n<p>Valg til bestyrelsen sker for 2 \u00e5r ad gangen, s\u00e5ledes at der hvert \u00e5r afg\u00e5r skiftevis 3 eller 4 medlemmer, om n\u00f8dvendigt efter lodtr\u00e6kning.<\/p>\n\n\n\n<p>Endvidere v\u00e6lges hvert \u00e5r l suppleant for de p\u00e5 det p\u00e5g\u00e6ldende \u00e5rs generalforsamling valgte bestyrelsesmedlemmer.<\/p>\n\n\n\n<p>\u00a7 9.<\/p>\n\n\n\n<p>Bestyrelsen konstituerer sig selv ved valg af formand, n\u00e6stformand, kasserer og sekret\u00e6r.<\/p>\n\n\n\n<p>Foreningen tegnes af formanden i forening med et bestyrelsesmedlem.<\/p>\n\n\n\n<p>Bestyrelsen udpeger en arkivleder, der har ansvaret for arkivets daglige drift.<\/p>\n\n\n\n<p>\u00a7 10.<\/p>\n\n\n\n<p>Foreningens regnskabs\u00e5r er kalender\u00e5ret.<\/p>\n\n\n\n<p>\u00a711.<\/p>\n\n\n\n<p>Regnskabet revideres af 2 af generalforsamlingen valgte revisorer. Revisorerne v\u00e6lges for eet \u00e5r ad gangen.<\/p>\n\n\n\n<p>\u00a7 12.<\/p>\n\n\n\n<p>Hvis foreningen opl\u00f8ses, skal foreningens samlinger overdrages Kulturudvalget for Ringk\u00f8bing-Skjern Kommune til videre foranstaltning, idet det skal sikres at samlingerne fortsat er tilg\u00e6ngelig for offentligheden. En eventuel formue fordeles efter den afg\u00e5ende bestyrelses beslutning.<\/p>\n","protected":false},"excerpt":{"rendered":"<p>Vedt\u00e6gter for Videb\u00e6kegnens Lokalhistorisk Forening \u00a7 l. Foreningens navn er &#8220;Videb\u00e6kegnens Lokalhistoriske Forening&#8221;. Foreningen har hjemsted i Ringk\u00f8bing-Skjern Kommune. Arbejdsomr\u00e5de i Videb\u00e6k, Vorgod, N\u00f8rre Vium, Fjelstervang og Herborg sogne. \u00a7 2. Foreningens form\u00e5l er at indsamle og registrere og opbevare lokalhistorisk materiale af enhver art, og bl.a. gennem oplysningsarbejde og udstillinger, at stille materialet til [&hellip;]<\/p>\n","protected":false},"author":1,"featured_media":0,"parent":0,"menu_order":0,"comment_status":"closed","ping_status":"closed","template":"","meta":{"footnotes":""},"class_list":["post-23","page","type-page","status-publish","hentry"],"_links":{"self":[{"href":"https:\/\/lokalhistoriskearkiv.dk\/index.php?rest_route=\/wp\/v2\/pages\/23","targetHints":{"allow":["GET"]}}],"collection":[{"href":"https:\/\/lokalhistoriskearkiv.dk\/index.php?rest_route=\/wp\/v2\/pages"}],"about":[{"href":"https:\/\/lokalhistoriskearkiv.dk\/index.php?rest_route=\/wp\/v2\/types\/page"}],"author":[{"embeddable":true,"href":"https:\/\/lokalhistoriskearkiv.dk\/index.php?rest_route=\/wp\/v2\/users\/1"}],"replies":[{"embeddable":true,"href":"https:\/\/lokalhistoriskearkiv.dk\/index.php?rest_route=%2Fwp%2Fv2%2Fcomments&post=23"}],"version-history":[{"count":2,"href":"https:\/\/lokalhistoriskearkiv.dk\/index.php?rest_route=\/wp\/v2\/pages\/23\/revisions"}],"predecessor-version":[{"id":25,"href":"https:\/\/lokalhistoriskearkiv.dk\/index.php?rest_route=\/wp\/v2\/pages\/23\/revisions\/25"}],"wp:attachment":[{"href":"https:\/\/lokalhistoriskearkiv.dk\/index.php?rest_route=%2Fwp%2Fv2%2Fmedia&parent=23"}],"curies":[{"name":"wp","href":"https:\/\/api.w.org\/{rel}","templated":true}]}}