{"id":30,"date":"2025-04-11T22:58:51","date_gmt":"2025-04-11T20:58:51","guid":{"rendered":"https:\/\/lokalhistoriskearkiv.dk\/?page_id=30"},"modified":"2026-04-21T09:35:26","modified_gmt":"2026-04-21T07:35:26","slug":"bestyrelsen-2023","status":"publish","type":"page","link":"https:\/\/lokalhistoriskearkiv.dk\/?page_id=30","title":{"rendered":"Bestyrelsen"},"content":{"rendered":"\n<figure class=\"wp-block-table\"><table class=\"has-fixed-layout\"><tbody><tr><td>Lokalarkivet<\/td><td><\/td><td>Gl. Kongevej 33, Videb\u00e6k<\/td><td>97 33 38 78<\/td><td>mail@lokalhistoriskearkiv.dk<\/td><\/tr><tr><td>Peder Christensen<\/td><td>Formand<\/td><td>Overvej 9, Fjelstervang<\/td><td>22 52 65 01<\/td><td>ebbaogpeder@gmail.com<\/td><\/tr><tr><td>Jens Fjord<\/td><td>N\u00e6stformand<\/td><td>N\u00f8rregade 13, Videb\u00e6k<\/td><td>40 29 32 09<\/td><td>jens.fjord@icloud.com<\/td><\/tr><tr><td>Jette Clausen<\/td><td>Medlem<\/td><td>Vandm\u00f8llevej 4 G, Videb\u00e6k<\/td><td>51 20 02 68<\/td><td>jette.clausen64@gmail.com<\/td><\/tr><tr><td>Jens Chr. Gr\u00f8nb\u00e6k<\/td><td>Kasserer<\/td><td>Solskr\u00e6nten 9 <br>Vorgod-Barde<\/td><td>41 17 50 59<\/td><td>groenbaeks@gmail.com<\/td><\/tr><tr><td>Karen Elsebeth Haunstrup<\/td><td>Sekret\u00e6r<\/td><td>Melb\u00e6rvej 3, Videb\u00e6k<\/td><td>22 86 19 49<\/td><td>nielsogkaren@outlook.dk<\/td><\/tr><tr><td>Lisbeth Mortensen<\/td><td>Medlem<\/td><td>Pallesvej 6<br>Videb\u00e6k<\/td><td>40 62 25 63<\/td><td>lisbeth-59@hotmail.com<\/td><\/tr><tr><td>Jens Merrild Jensen<\/td><td>Medlem<\/td><td>Adelvej 3, Herborg<\/td><td>40 71 98 63<\/td><td>jensmerrildjensen@gmail.com<\/td><\/tr><tr><td>Torben N\u00f8rregaard<\/td><td>Suppleant<\/td><td>Bredgade 69, Videb\u00e6k<\/td><td>40 54 10 12<\/td><td>torben.norregaard47@gmail.com<\/td><\/tr><tr><td>Birthe Degnbol<\/td><td>Revisor<\/td><td><\/td><td>22 97 53 89<\/td><td><\/td><\/tr><tr><td>Christian Vestersager<\/td><td>Revisor<\/td><td><\/td><td>20 67 41 18<\/td><td><\/td><\/tr><\/tbody><\/table><\/figure>\n","protected":false},"excerpt":{"rendered":"<p>Lokalarkivet Gl. Kongevej 33, Videb\u00e6k 97 33 38 78 mail@lokalhistoriskearkiv.dk Peder Christensen Formand Overvej 9, Fjelstervang 22 52 65 01 ebbaogpeder@gmail.com Jens Fjord N\u00e6stformand N\u00f8rregade 13, Videb\u00e6k 40 29 32 09 jens.fjord@icloud.com Jette Clausen Medlem Vandm\u00f8llevej 4 G, Videb\u00e6k 51 20 02 68 jette.clausen64@gmail.com Jens Chr. Gr\u00f8nb\u00e6k Kasserer Solskr\u00e6nten 9 Vorgod-Barde 41 17 50 59 [&hellip;]<\/p>\n","protected":false},"author":1,"featured_media":0,"parent":0,"menu_order":0,"comment_status":"closed","ping_status":"closed","template":"","meta":{"footnotes":""},"class_list":["post-30","page","type-page","status-publish","hentry"],"_links":{"self":[{"href":"https:\/\/lokalhistoriskearkiv.dk\/index.php?rest_route=\/wp\/v2\/pages\/30","targetHints":{"allow":["GET"]}}],"collection":[{"href":"https:\/\/lokalhistoriskearkiv.dk\/index.php?rest_route=\/wp\/v2\/pages"}],"about":[{"href":"https:\/\/lokalhistoriskearkiv.dk\/index.php?rest_route=\/wp\/v2\/types\/page"}],"author":[{"embeddable":true,"href":"https:\/\/lokalhistoriskearkiv.dk\/index.php?rest_route=\/wp\/v2\/users\/1"}],"replies":[{"embeddable":true,"href":"https:\/\/lokalhistoriskearkiv.dk\/index.php?rest_route=%2Fwp%2Fv2%2Fcomments&post=30"}],"version-history":[{"count":5,"href":"https:\/\/lokalhistoriskearkiv.dk\/index.php?rest_route=\/wp\/v2\/pages\/30\/revisions"}],"predecessor-version":[{"id":111,"href":"https:\/\/lokalhistoriskearkiv.dk\/index.php?rest_route=\/wp\/v2\/pages\/30\/revisions\/111"}],"wp:attachment":[{"href":"https:\/\/lokalhistoriskearkiv.dk\/index.php?rest_route=%2Fwp%2Fv2%2Fmedia&parent=30"}],"curies":[{"name":"wp","href":"https:\/\/api.w.org\/{rel}","templated":true}]}}